{"id":15694,"date":"2020-09-03T20:19:43","date_gmt":"2020-09-03T20:19:43","guid":{"rendered":"http:\/\/chivoloco.com\/?post_type=product&#038;p=15694"},"modified":"2026-05-03T01:16:02","modified_gmt":"2026-05-03T01:16:02","slug":"patacon-carnivoro","status":"publish","type":"product","link":"https:\/\/chivoloco.com\/index.php\/product\/patacon-carnivoro\/","title":{"rendered":"PATAC\u00d3N CARN\u00cdVORO"},"content":{"rendered":"<p>Patac\u00f3n con carne desmechada, queso, chorizo, aguacate<\/p>\n","protected":false},"excerpt":{"rendered":"<p>Patac\u00f3n con carne desmechada, queso, chorizo, aguacate<\/p>\n","protected":false},"featured_media":15919,"comment_status":"open","ping_status":"closed","template":"","meta":{"_joinchat":[]},"class_list":["post-15694","product","type-product","status-publish","has-post-thumbnail","hentry","product_cat-comidas-rapidas"],"yoast_head":"<!-- This site is optimized with the Yoast SEO plugin v15.5 - https:\/\/yoast.com\/wordpress\/plugins\/seo\/ -->\n<title>PATAC\u00d3N CARN\u00cdVORO - Chivo Loco Restaurante<\/title>\n<meta name=\"description\" content=\"Mezcla de carne desmechada, chorizo criollo, hogao sobre cama de patacon, queso y aguacate.\" \/>\n<meta name=\"robots\" content=\"index, follow, max-snippet:-1, max-image-preview:large, max-video-preview:-1\" \/>\n<link rel=\"canonical\" href=\"https:\/\/chivoloco.com\/index.php\/product\/patacon-carnivoro\/\" \/>\n<meta property=\"og:locale\" content=\"es_ES\" \/>\n<meta property=\"og:type\" content=\"article\" \/>\n<meta property=\"og:title\" content=\"PATAC\u00d3N CARN\u00cdVORO - Chivo Loco Restaurante\" \/>\n<meta property=\"og:description\" content=\"Mezcla de carne desmechada, chorizo criollo, hogao sobre cama de patacon, queso y aguacate.\" \/>\n<meta property=\"og:url\" content=\"https:\/\/chivoloco.com\/index.php\/product\/patacon-carnivoro\/\" \/>\n<meta property=\"og:site_name\" content=\"Chivo Loco Restaurante\" \/>\n<meta property=\"article:modified_time\" content=\"2026-05-03T01:16:02+00:00\" \/>\n<meta property=\"og:image\" content=\"https:\/\/i0.wp.com\/chivoloco.com\/wp-content\/uploads\/2020\/09\/a7a4f20a-436e-4916-a308-22c56b55da30-e1755702309305.jpg?fit=901%2C979&#038;ssl=1\" \/>\n\t<meta property=\"og:image:width\" content=\"901\" \/>\n\t<meta property=\"og:image:height\" content=\"979\" \/>\n<meta name=\"twitter:card\" content=\"summary_large_image\" \/>\n<meta name=\"twitter:label1\" content=\"Tiempo de lectura\">\n\t<meta name=\"twitter:data1\" content=\"0 minutos\">\n<script type=\"application\/ld+json\" class=\"yoast-schema-graph\">{\"@context\":\"https:\/\/schema.org\",\"@graph\":[{\"@type\":\"WebSite\",\"@id\":\"https:\/\/chivoloco.com\/#website\",\"url\":\"https:\/\/chivoloco.com\/\",\"name\":\"Chivo Loco Restaurante\",\"description\":\"Restaurante de comida t\\u00edpica santandereana\",\"potentialAction\":[{\"@type\":\"SearchAction\",\"target\":\"https:\/\/chivoloco.com\/?s={search_term_string}\",\"query-input\":\"required name=search_term_string\"}],\"inLanguage\":\"es\"},{\"@type\":\"ImageObject\",\"@id\":\"https:\/\/chivoloco.com\/index.php\/product\/patacon-carnivoro\/#primaryimage\",\"inLanguage\":\"es\",\"url\":\"https:\/\/i0.wp.com\/chivoloco.com\/wp-content\/uploads\/2020\/09\/a7a4f20a-436e-4916-a308-22c56b55da30-e1755702309305.jpg?fit=901%2C979&ssl=1\",\"width\":901,\"height\":979},{\"@type\":\"WebPage\",\"@id\":\"https:\/\/chivoloco.com\/index.php\/product\/patacon-carnivoro\/#webpage\",\"url\":\"https:\/\/chivoloco.com\/index.php\/product\/patacon-carnivoro\/\",\"name\":\"PATAC\\u00d3N CARN\\u00cdVORO - Chivo Loco Restaurante\",\"isPartOf\":{\"@id\":\"https:\/\/chivoloco.com\/#website\"},\"primaryImageOfPage\":{\"@id\":\"https:\/\/chivoloco.com\/index.php\/product\/patacon-carnivoro\/#primaryimage\"},\"datePublished\":\"2020-09-03T20:19:43+00:00\",\"dateModified\":\"2026-05-03T01:16:02+00:00\",\"description\":\"Mezcla de carne desmechada, chorizo criollo, hogao sobre cama de patacon, queso y aguacate.\",\"inLanguage\":\"es\",\"potentialAction\":[{\"@type\":\"ReadAction\",\"target\":[\"https:\/\/chivoloco.com\/index.php\/product\/patacon-carnivoro\/\"]}]}]}<\/script>\n<!-- \/ Yoast SEO plugin. -->","jetpack_sharing_enabled":true,"_links":{"self":[{"href":"https:\/\/chivoloco.com\/index.php\/wp-json\/wp\/v2\/product\/15694","targetHints":{"allow":["GET"]}}],"collection":[{"href":"https:\/\/chivoloco.com\/index.php\/wp-json\/wp\/v2\/product"}],"about":[{"href":"https:\/\/chivoloco.com\/index.php\/wp-json\/wp\/v2\/types\/product"}],"replies":[{"embeddable":true,"href":"https:\/\/chivoloco.com\/index.php\/wp-json\/wp\/v2\/comments?post=15694"}],"wp:featuredmedia":[{"embeddable":true,"href":"https:\/\/chivoloco.com\/index.php\/wp-json\/wp\/v2\/media\/15919"}],"wp:attachment":[{"href":"https:\/\/chivoloco.com\/index.php\/wp-json\/wp\/v2\/media?parent=15694"}],"curies":[{"name":"wp","href":"https:\/\/api.w.org\/{rel}","templated":true}]}}