{"id":15677,"date":"2020-09-03T20:02:05","date_gmt":"2020-09-03T20:02:05","guid":{"rendered":"http:\/\/chivoloco.com\/?post_type=product&#038;p=15677"},"modified":"2025-12-22T12:54:36","modified_gmt":"2025-12-22T12:54:36","slug":"mojarra","status":"publish","type":"product","link":"https:\/\/chivoloco.com\/index.php\/product\/mojarra\/","title":{"rendered":"MOJARRA FRITA"},"content":{"rendered":"","protected":false},"excerpt":{"rendered":"<p>Mojarra frita de 500gr, patacones,<br \/>\narroz blanco, ensalada<\/p>\n","protected":false},"featured_media":15936,"comment_status":"open","ping_status":"closed","template":"","meta":{"_joinchat":[]},"class_list":["post-15677","product","type-product","status-publish","has-post-thumbnail","hentry","product_cat-almuerzo"],"yoast_head":"<!-- This site is optimized with the Yoast SEO plugin v15.5 - https:\/\/yoast.com\/wordpress\/plugins\/seo\/ -->\n<title>MOJARRA FRITA - Chivo Loco Restaurante<\/title>\n<meta name=\"description\" content=\"500gr de mojarrra frita, fre\u00edda, acompa\u00f1ada de patac\u00f3n arroz y ensalada criolla.\" \/>\n<meta name=\"robots\" content=\"index, follow, max-snippet:-1, max-image-preview:large, max-video-preview:-1\" \/>\n<link rel=\"canonical\" href=\"https:\/\/chivoloco.com\/index.php\/product\/mojarra\/\" \/>\n<meta property=\"og:locale\" content=\"es_ES\" \/>\n<meta property=\"og:type\" content=\"article\" \/>\n<meta property=\"og:title\" content=\"MOJARRA FRITA - Chivo Loco Restaurante\" \/>\n<meta property=\"og:description\" content=\"500gr de mojarrra frita, fre\u00edda, acompa\u00f1ada de patac\u00f3n arroz y ensalada criolla.\" \/>\n<meta property=\"og:url\" content=\"https:\/\/chivoloco.com\/index.php\/product\/mojarra\/\" \/>\n<meta property=\"og:site_name\" content=\"Chivo Loco Restaurante\" \/>\n<meta property=\"article:modified_time\" content=\"2025-12-22T12:54:36+00:00\" \/>\n<meta property=\"og:image\" content=\"https:\/\/i0.wp.com\/chivoloco.com\/wp-content\/uploads\/2020\/09\/1716309712150-scaled.jpg?fit=2560%2C1707&#038;ssl=1\" \/>\n\t<meta property=\"og:image:width\" content=\"2560\" \/>\n\t<meta property=\"og:image:height\" content=\"1707\" \/>\n<meta name=\"twitter:card\" content=\"summary_large_image\" \/>\n<script type=\"application\/ld+json\" class=\"yoast-schema-graph\">{\"@context\":\"https:\/\/schema.org\",\"@graph\":[{\"@type\":\"WebSite\",\"@id\":\"https:\/\/chivoloco.com\/#website\",\"url\":\"https:\/\/chivoloco.com\/\",\"name\":\"Chivo Loco Restaurante\",\"description\":\"Restaurante de comida t\\u00edpica santandereana\",\"potentialAction\":[{\"@type\":\"SearchAction\",\"target\":\"https:\/\/chivoloco.com\/?s={search_term_string}\",\"query-input\":\"required name=search_term_string\"}],\"inLanguage\":\"es\"},{\"@type\":\"ImageObject\",\"@id\":\"https:\/\/chivoloco.com\/index.php\/product\/mojarra\/#primaryimage\",\"inLanguage\":\"es\",\"url\":\"https:\/\/i0.wp.com\/chivoloco.com\/wp-content\/uploads\/2020\/09\/1716309712150-scaled.jpg?fit=2560%2C1707&ssl=1\",\"width\":2560,\"height\":1707},{\"@type\":\"WebPage\",\"@id\":\"https:\/\/chivoloco.com\/index.php\/product\/mojarra\/#webpage\",\"url\":\"https:\/\/chivoloco.com\/index.php\/product\/mojarra\/\",\"name\":\"MOJARRA FRITA - Chivo Loco Restaurante\",\"isPartOf\":{\"@id\":\"https:\/\/chivoloco.com\/#website\"},\"primaryImageOfPage\":{\"@id\":\"https:\/\/chivoloco.com\/index.php\/product\/mojarra\/#primaryimage\"},\"datePublished\":\"2020-09-03T20:02:05+00:00\",\"dateModified\":\"2025-12-22T12:54:36+00:00\",\"description\":\"500gr de mojarrra frita, fre\\u00edda, acompa\\u00f1ada de patac\\u00f3n arroz y ensalada criolla.\",\"inLanguage\":\"es\",\"potentialAction\":[{\"@type\":\"ReadAction\",\"target\":[\"https:\/\/chivoloco.com\/index.php\/product\/mojarra\/\"]}]}]}<\/script>\n<!-- \/ Yoast SEO plugin. -->","jetpack_sharing_enabled":true,"_links":{"self":[{"href":"https:\/\/chivoloco.com\/index.php\/wp-json\/wp\/v2\/product\/15677","targetHints":{"allow":["GET"]}}],"collection":[{"href":"https:\/\/chivoloco.com\/index.php\/wp-json\/wp\/v2\/product"}],"about":[{"href":"https:\/\/chivoloco.com\/index.php\/wp-json\/wp\/v2\/types\/product"}],"replies":[{"embeddable":true,"href":"https:\/\/chivoloco.com\/index.php\/wp-json\/wp\/v2\/comments?post=15677"}],"wp:featuredmedia":[{"embeddable":true,"href":"https:\/\/chivoloco.com\/index.php\/wp-json\/wp\/v2\/media\/15936"}],"wp:attachment":[{"href":"https:\/\/chivoloco.com\/index.php\/wp-json\/wp\/v2\/media?parent=15677"}],"curies":[{"name":"wp","href":"https:\/\/api.w.org\/{rel}","templated":true}]}}